{"id":9168,"date":"2024-08-28T11:32:44","date_gmt":"2024-08-28T09:32:44","guid":{"rendered":"https:\/\/tequierosano.com\/%e4%bd%bf%e7%94%a8%e6%9d%a1%e6%ac%be\/"},"modified":"2024-08-28T13:06:44","modified_gmt":"2024-08-28T11:06:44","slug":"%e4%bd%bf%e7%94%a8%e6%9d%a1%e6%ac%be","status":"publish","type":"page","link":"https:\/\/tequierosano.com\/zh-hans\/%e4%bd%bf%e7%94%a8%e6%9d%a1%e6%ac%be\/","title":{"rendered":"\u4f7f\u7528\u6761\u6b3e"},"content":{"rendered":"\n<p><strong>1.- \u6cd5\u5f8b\u4fe1\u606f<\/strong> <\/p>\n\n<p>pesandpartners.com\uff08\u4ee5\u4e0b\u7b80\u79f0 \u201c\u7f51\u7ad9\u201d\uff09\u662f PRAXIS AUREA S.L.U.\uff08\u4ee5\u4e0b\u7b80\u79f0 \u201c\u516c\u53f8\u201d\uff09\u6ce8\u518c\u7684\u57df\u540d\uff0c\u516c\u53f8\u5728\u9a6c\u5fb7\u91cc\u5546\u4e1a\u6ce8\u518c\u5904\u6ce8\u518c\uff0c\u9875\u9762 M 731967\uff0c\u5377\u53f7 41296\uff0c\u5bf9\u5f00 66\uff0cS8\u3002 <\/p>\n\n<p><strong>NIF: B\u201366862236<\/strong> <\/p>\n\n<p>\u6ce8\u518c\u529e\u4e8b\u5904: Calle Arturo Soria, 99 4\u00ba\/C 28043 Madrid <\/p>\n\n<p>\u7535\u8bdd 647 163 255 <\/p>\n\n<p>\u7535\u5b50\u90ae\u4ef6:\u202f<a href=\"mailto:info@praxisaurea.com\">info@praxisaurea.com<\/a> <\/p>\n\n<p><strong>2.- \u670d\u52a1\u6027\u8d28<\/strong> <\/p>\n\n<p>\u539f\u5219\u4e0a\uff0c\u8bbf\u95ee\u672c\u7f51\u7ad9\u662f\u514d\u8d39\u7684\uff0c\u4f46\u4e0d\u5f71\u54cd\u901a\u8fc7\u672c\u7f51\u7ad9\u7b7e\u8ba2\u4ea7\u54c1\u6216\u670d\u52a1\u5408\u540c\u7684\u7ecf\u6d4e\u4ee3\u4ef7\u3002 <\/p>\n\n<p><strong>3.- \u7528\u6237\u7684\u8d23\u4efb<\/strong> <\/p>\n\n<p>\u7528\u6237\u627f\u8bfa\u4e0d\u4f7f\u7528\u672c\u7f51\u7ad9\u6216\u5176\u4e0a\u63d0\u4f9b\u7684\u4fe1\u606f\u4ece\u4e8b\u8fdd\u53cd\u6cd5\u5f8b\u3001\u9053\u5fb7\u6216\u516c\u5171\u79e9\u5e8f\u7684\u6d3b\u52a8\uff0c\u5e76\u5728\u4e00\u822c\u60c5\u51b5\u4e0b\u6309\u7167\u516c\u53f8\u89c4\u5b9a\u7684\u6761\u4ef6\u4f7f\u7528\u672c\u7f51\u7ad9\u3002 <\/p>\n\n<p>\u7528\u6237\u7684\u610f\u89c1\u3001\u5185\u5bb9\u4ee5\u53ca\u7528\u6237\u6240\u8fdb\u884c\u7684\u6240\u6709\u6d3b\u52a8\u5747\u7531\u7528\u6237\u81ea\u884c\u8d1f\u8d23\uff0c\u516c\u53f8\u4e0d\u5bf9\u8d85\u51fa\u5176\u63a7\u5236\u8303\u56f4\u4e14\u7528\u6237\u65e0\u6cd5\u6709\u6548\u4e86\u89e3\u7684\u6b64\u7c7b\u6d3b\u52a8\u53ef\u80fd\u9020\u6210\u7684\u4efb\u4f55\u635f\u5bb3\u8d1f\u8d23\u3002 <\/p>\n\n<p><strong>4.- \u516c\u53f8\u7684\u8d23\u4efb<\/strong> <\/p>\n\n<p>\u516c\u53f8\u5bf9\u8bbf\u95ee\u7f51\u7ad9\u6216\u5176\u5185\u5bb9\u65f6\u51fa\u73b0\u7684\u4efb\u4f55\u9519\u8bef\u6982\u4e0d\u8d1f\u8d23\uff0c\u5c3d\u7ba1\u516c\u53f8\u5c06\u5c3d\u6700\u5927\u52aa\u529b\u786e\u4fdd\u4e0d\u51fa\u73b0\u6b64\u7c7b\u9519\u8bef\u3002 <\/p>\n\n<p>\u516c\u53f8\u4fdd\u7559\u56e0\u7ef4\u62a4\u3001\u4fee\u7406\u3001\u66f4\u65b0\u6216\u6539\u8fdb\u64cd\u4f5c\u7684\u9700\u8981\u800c\u6682\u65f6\u4e2d\u6b62\u8bbf\u95ee\u672c\u7f51\u7ad9\u7684\u6743\u5229\uff0c\u6055\u4e0d\u53e6\u884c\u901a\u77e5\u3002 <\/p>\n\n<p><strong>5. \u7f51\u7ad9\u8d2d\u7269<\/strong><\/p>\n\n<p>5.1.\nCaracter\u00edsticas principales de los bienes y servicios <\/p>\n\n<p>\u60a8\u53ef\u4ee5\u5728\u7f51\u7ad9\u63d0\u4f9b\u7684\u670d\u52a1\u63cf\u8ff0\u8868\u4e2d\u67e5\u9605\u8fd9\u4e9b\u670d\u52a1\u7684\u4e3b\u8981\u7279\u70b9\u3002<\/p>\n\n<p>5.2.\nProcedimiento de compra <\/p>\n\n<p>\u60a8\u53ef\u4ee5\u5728\u7f51\u7ad9\u4e0a\u7528\u82f1\u8bed\u8d2d\u7269\u3002<\/p>\n\n<p>\u8d2d\u4e70\u7a0b\u5e8f\u5982\u4e0b\uff1a<\/p>\n\n<p>1) \u5728\u6240\u9700\u670d\u52a1\u4e2d\uff0c\u70b9\u51fb\u8ba2\u8d2d\u6309\u94ae\u5f00\u59cb\u8ba2\u8d2d\u3002<\/p>\n\n<p>2) \u7136\u540e\uff0c\u60a8\u5fc5\u987b\u586b\u5199\u6240\u9700\u7684\u4fe1\u606f\uff0c\u5e76\u70b9\u51fb\u6309\u94ae\u5c06\u8ba2\u5355\u6dfb\u52a0\u5230\u8d2d\u7269\u8f66\u3002<\/p>\n\n<p>3) \u70b9\u51fb\u8d2d\u7269\u8f66\uff0c\u5373\u53ef\u67e5\u770b\u8ba2\u5355\u8be6\u60c5\u3001\u91d1\u989d\u548c\u6570\u91cf\u3002\u6b64\u65f6\uff0c\u60a8\u53ef\u4ee5\u4fee\u6539\u4e0a\u4e00\u6b65\u63d0\u4f9b\u7684\u8ba2\u5355\u8be6\u7ec6\u4fe1\u606f\u3002\u4e00\u5207\u65e0\u8bef\u540e\uff0c\u70b9\u51fb\u6309\u94ae\u7ee7\u7eed\u3002  <\/p>\n\n<p>4) \u7136\u540e\u60a8\u5fc5\u987b\u586b\u5199\u6240\u9700\u7684\u4fe1\u606f\uff0c\u5e76\u70b9\u51fb\u6309\u94ae\u7ee7\u7eed\u3002<\/p>\n\n<p>5) \u60a8\u53ef\u4ee5\u67e5\u770b\u8ba2\u5355\u7684\u6240\u6709\u8be6\u7ec6\u4fe1\u606f\uff0c\u5982\u679c\u613f\u610f\uff0c\u8fd8\u53ef\u4ee5\u8fdb\u884c\u4fee\u6539\u3002\u70b9\u51fb\u6309\u94ae\u7ee7\u7eed\u3002 <\/p>\n\n<p>6) \u60a8\u9700\u8981\u9009\u62e9\u4ed8\u6b3e\u65b9\u5f0f\uff0c\u5e76\u6309\u7167\u8bf4\u660e\u901a\u8fc7\u4ed8\u6b3e\u65b9\u5f0f\u4ed8\u6b3e\u3002<\/p>\n\n<p>7) \u6700\u540e\uff0c\u60a8\u5c06\u6536\u5230\u4e00\u5c01\u7535\u5b50\u90ae\u4ef6\uff0c\u786e\u8ba4\u8d2d\u4e70\u8fc7\u7a0b\u5df2\u6210\u529f\u5b8c\u6210\u3002<\/p>\n\n<p>tequierosano.com \u5c06\u4fdd\u5b58\u60a8\u7684\u7535\u5b50\u8d2d\u7269\u51ed\u8bc1\u3002\u60a8\u53ef\u4ee5\u901a\u8fc7\u60a8\u7684\u8d26\u6237\u8bbf\u95ee\u60a8\u5728\u7f51\u7ad9\u4e0a\u7684\u8d2d\u4e70\u8bb0\u5f55\u3002 <\/p>\n\n<p>5.3.\nContrase\u00f1a <\/p>\n\n<p>\u4e00\u65e6\u60a8\u5728\u672c\u7f51\u7ad9\u6ce8\u518c\uff0c\u60a8\u5c06\u59cb\u7ec8\u8d1f\u8d23\u4fdd\u7ba1\u60a8\u7684\u5bc6\u7801\uff0c\u627f\u62c5\u56e0\u5bc6\u7801\u4f7f\u7528\u4e0d\u5f53\u4ee5\u53ca\u5bc6\u7801\u8f6c\u8ba9\u3001\u6cc4\u9732\u6216\u4e22\u5931\u53ef\u80fd\u9020\u6210\u7684\u4efb\u4f55\u635f\u5931\u3002\u4e3a\u6b64\uff0c\u4f7f\u7528\u60a8\u7684\u6ce8\u518c\u7528\u6237\u5bc6\u7801\u8fdb\u5165\u9650\u5236\u533a\u57df\u548c\/\u6216\u4f7f\u7528\u672c\u7f51\u7ad9\u7684\u670d\u52a1\u548c\u5185\u5bb9\uff0c\u5e94\u88ab\u89c6\u4e3a\u60a8\u672c\u4eba\u6240\u4e3a\uff0c\u56e0\u6b64\u60a8\u5e94\u5728\u4efb\u4f55\u60c5\u51b5\u4e0b\u5bf9\u6b64\u7c7b\u8bbf\u95ee\u548c\u4f7f\u7528\u8d1f\u8d23\u3002 <\/p>\n\n<p>5.4.\nCorrecci\u00f3n e identificaci\u00f3n de errores en la introducci\u00f3n de datos <\/p>\n\n<p>\u5982\u679c\u60a8\u5728\u6211\u4eec\u7684\u4efb\u4f55\u8868\u683c\u4e2d\u5fd8\u8bb0\u586b\u5199\u4efb\u4f55\u5fc5\u586b\u4fe1\u606f\uff0c\u5728\u60a8\u586b\u5199\u5b8c\u6bd5\u4e4b\u524d\uff0c\u60a8\u5c06\u65e0\u6cd5\u7ee7\u7eed\u8d2d\u4e70\u6216\u9a8c\u8bc1\u6d41\u7a0b\u3002\u5728\u8fd9\u79cd\u60c5\u51b5\u4e0b\uff0c\u5c4f\u5e55\u4e0a\u4f1a\u6709\u63d0\u793a\u4fe1\u606f\u3002 <\/p>\n\n<p>\u60a8\u53ef\u4ee5\u968f\u65f6\u767b\u5f55\u60a8\u7684\u8d26\u6237\uff0c\u4fee\u6539\u548c\/\u6216\u66f4\u65b0\u60a8\u7684\u6ce8\u518c\u7528\u6237\u8d44\u6599\u6570\u636e\u3002<\/p>\n\n<p>5.5.\nEntrega de pedidos <\/p>\n\n<p>\u6211\u4eec\u5c06\u901a\u8fc7\u7535\u5b50\u90ae\u4ef6\u5411\u60a8\u63d0\u4f9b\u7684\u5730\u5740\u53d1\u9001\u6240\u9700\u7684\u4fe1\u606f\u548c\/\u6216\u6587\u4ef6\u3002\u4ea4\u4ed8\u65f6\u95f4\u6700\u957f\u4e3a\u60a8\u4e0b\u8ba2\u5355\u540e 48 \u4e2a\u5de5\u4f5c\u5c0f\u65f6\u5185\u3002 <\/p>\n\n<p>\u4e3a\u4e86\u80fd\u591f\u9605\u8bfb\u6211\u4eec\u53d1\u9001\u7684\u4fe1\u606f\u548c\/\u6216\u6587\u4ef6\uff0c\u60a8\u9700\u8981\u5728\u7535\u8111\u6216\u79fb\u52a8\u8bbe\u5907\u4e0a\u5b89\u88c5 PDF \u9605\u8bfb\u5668\u8f6f\u4ef6\u3002<\/p>\n\n<p>5.6.\nPrecio y formas de pago aceptadas <\/p>\n\n<p>\u9664\u975e\u53e6\u6709\u660e\u786e\u8bf4\u660e\uff0c\u5426\u5219\u7f51\u7ad9\u4e0a\u663e\u793a\u7684\u6bcf\u79cd\u4ea7\u54c1\u548c\/\u6216\u670d\u52a1\u7684\u4ef7\u683c\u5747\u4e0d\u5305\u62ec\u589e\u503c\u7a0e (VAT)\u3002\u6211\u4eec\u7684\u6240\u6709\u4ef7\u683c\u5747\u4ee5\u6b27\u5143\uff08\u20ac\uff09\u8868\u793a\u3002 <\/p>\n\n<p>\u6211\u4eec\u63a5\u53d7\u4ee5\u4e0b\u4ed8\u6b3e\u65b9\u5f0f\uff1a<\/p>\n\n<ul class=\"wp-block-list\">\n<li>\u4fe1\u7528\u5361\u6216\u501f\u8bb0\u5361\u3002<\/li>\n\n\n\n<li>\u6761\u7eb9<\/li>\n\n\n\n<li>\u8d1d\u5b9d<\/li>\n<\/ul>\n\n<p>5.7.\nEnv\u00edo de facturas <\/p>\n\n<p>\u6211\u4eec\u5c06\u901a\u8fc7\u60a8\u5728\u6ce8\u518c\u8fc7\u7a0b\u4e2d\u63d0\u4f9b\u7684\u7535\u5b50\u90ae\u4ef6\u5730\u5740\u5411\u60a8\u53d1\u9001\u53d1\u7968\u3002\u4e0d\u8fc7\uff0c\u60a8\u4e5f\u53ef\u4ee5\u968f\u65f6\u8981\u6c42\u6211\u4eec\u5411\u60a8\u53d1\u9001\u7eb8\u8d28\u53d1\u7968\u3002 <\/p>\n\n<p><strong>6. \u64a4\u56de\u6743<\/strong><\/p>\n\n<p>\u6839\u636e 11 \u6708 16 \u65e5\u7b2c 1\/2007 \u53f7\u7687\u5bb6\u6cd5\u4ee4\uff08\u6279\u51c6\u300a\u4fdd\u62a4\u6d88\u8d39\u8005\u548c\u7528\u6237\u6cd5\u300b\u4fee\u8ba2\u6848\u6587\u53ca\u5176\u4ed6\u8865\u5145\u6cd5\u5f8b\uff09\u7b2c 103.a) \u6761\u7684\u89c4\u5b9a\uff0c\u63d0\u4f9b\u670d\u52a1\u7684\u5408\u540c\u4e0d\u5f97\u7ec8\u6b62\u3002 \u6839\u636e 11 \u6708 16 \u65e5\u9881\u5e03\u7684\u7b2c 1\/2007 \u53f7\u7687\u5bb6\u6cd5\u4ee4\uff08\u8be5\u6cd5\u4ee4\u6279\u51c6\u4e86\u300a\u4fdd\u62a4\u6d88\u8d39\u8005\u548c\u7528\u6237\u6cd5\u300b\u53ca\u5176\u4ed6\u8865\u5145\u6cd5\u5f8b\u7684\u4fee\u8ba2\u6848\u6587\uff09\u7b2c 103.a) \u6761\u7684\u89c4\u5b9a\uff0c\u63d0\u4f9b\u670d\u52a1\u7684\u5408\u540c\u5728\u670d\u52a1\u5b8c\u5168\u6267\u884c\u540e\u4e0d\u5f97\u64a4\u9500\uff0c\u5982\u679c\u670d\u52a1\u5df2\u5f00\u59cb\u6267\u884c\uff0c\u6d88\u8d39\u8005\u548c\u7528\u6237\u5e94\u4e8b\u5148\u660e\u786e\u8868\u793a\u540c\u610f\uff0c\u5e76\u627f\u8ba4\u4ed6\u77e5\u9053\u4e00\u65e6\u4f01\u4e1a\u5b8c\u5168\u6267\u884c\u5408\u540c\uff0c\u4ed6\u5c06\u5931\u53bb\u64a4\u9500\u6743\u3002<\/p>\n\n<p>\u4e0a\u6bb5\u9002\u7528\u4e8e\u6211\u4eec\u5728\u516c\u5171\u7ba1\u7406\u90e8\u95e8\u548c\u767b\u8bb0\u5904\u7684\u5904\u7406\u670d\u52a1\uff0c\u56e0\u4e3a\u8fd9\u4e9b\u670d\u52a1\u5728\u7b7e\u8ba2\u5408\u540c\u540e\u7acb\u5373\u5f00\u59cb\u6267\u884c\u3002\u5728\u4e0e\u6211\u4eec\u7b7e\u8ba2\u8fd9\u4e9b\u670d\u52a1\u5408\u540c\u65f6\uff0c\u60a8\u540c\u610f\u6211\u4eec\u7acb\u5373\u5f00\u59cb\u6267\u884c\u8fd9\u4e9b\u670d\u52a1\uff0c\u5e76\u4e14\u60a8\u627f\u8ba4\u60a8\u77e5\u9053\uff0c\u4e00\u65e6\u6211\u4eec\u5b8c\u5168\u6267\u884c\u4e86\u8fd9\u4e9b\u670d\u52a1\uff0c\u60a8\u5c06\u5931\u53bb\u64a4\u9500\u6743\u3002 <\/p>\n\n<p><strong>7. \u6570\u636e\u4fdd\u62a4\u548c\u9690\u79c1<\/strong><\/p>\n\n<p>\u6211\u4eec\u975e\u5e38\u91cd\u89c6\u60a8\u7684\u6570\u636e\u5b89\u5168\u3002\u8bf7\u53c2\u9605\u6211\u4eec\u7684\u9690\u79c1\u653f\u7b56\u548c Cookie \u653f\u7b56\uff0c\u4e86\u89e3\u6211\u4eec\u7684\u5904\u7406\u65b9\u5f0f\u3002 <\/p>\n\n<p><strong>8. \u6295\u8bc9\u3001\u7d22\u8d54\u548c\u7d22\u53d6\u8d44\u6599<\/strong><\/p>\n\n<p>\u60a8\u53ef\u4ee5\u53d1\u9001\u7535\u5b50\u90ae\u4ef6\u81f3 <strong>info@mistramites.org<\/strong>\uff0c\u5411\u6211\u4eec\u63d0\u51fa\u6295\u8bc9\u3001\u7d22\u8d54\u6216\u4fe1\u606f\u8bf7\u6c42\u3002<\/p>\n\n<p>\u53ef\u7d22\u53d6\u6b63\u5f0f\u6295\u8bc9\/\u7533\u8bc9\/\u6295\u8bc9\u8868\u683c\u3002<\/p>\n\n<p><strong>9.- \u77e5\u8bc6\u4ea7\u6743\u548c\u5de5\u4e1a\u4ea7\u6743<\/strong> <\/p>\n\n<p>\u672c\u7f51\u7ad9\u7684\u6240\u6709\u5185\u5bb9\uff08\u5305\u62ec\u4f46\u4e0d\u9650\u4e8e\u6570\u636e\u5e93\u3001\u56fe\u50cf\u3001\u56fe\u7eb8\u3001\u56fe\u5f62\u3001\u6587\u672c\u6587\u4ef6\u3001\u97f3\u9891\u3001\u89c6\u9891\u548c\u8f6f\u4ef6\uff09\u5747\u4e3a\u516c\u53f8\u7684\u8d22\u4ea7\uff0c\u53d7\u56fd\u5bb6\u548c\u56fd\u9645\u77e5\u8bc6\u4ea7\u6743\u548c\u5de5\u4e1a\u4ea7\u6743\u6cd5\u7684\u4fdd\u62a4\uff0c\u516c\u53f8\u4fdd\u7559\u6240\u6709\u6743\u5229\u3002 <\/p>\n\n<p>\u7f51\u7ad9\u4e0a\u51fa\u73b0\u7684\u57df\u540d\u3001\u5546\u6807\u3001\u6807\u5fd7\u3001\u663e\u8457\u6807\u5fd7\u6216\u5fbd\u6807\u5f52\u516c\u53f8\u6240\u6709\u3002 <\/p>\n\n<p>\u672c\u7f51\u7ad9\u4e0a\u73b0\u5728\u6216\u5c06\u6765\u53ef\u80fd\u51fa\u73b0\u7684\u6240\u6709\u6587\u672c\u3001\u56fe\u5f62\u8bbe\u8ba1\u3001\u89c6\u9891\u6216\u97f3\u9891\u652f\u6301\u5747\u4e3a\u516c\u53f8\u8d22\u4ea7\uff0c\u672a\u7ecf\u516c\u53f8\u660e\u786e\u6388\u6743\uff0c\u7528\u6237\u6216\u7b2c\u4e09\u65b9\u4e0d\u5f97\u5bf9\u5176\u8fdb\u884c\u8fdb\u4e00\u6b65\u4fee\u6539\u3001\u590d\u5236\u3001\u66f4\u6539\u3001\u5168\u90e8\u6216\u90e8\u5206\u590d\u5236\u3001\u6539\u7f16\u6216\u7ffb\u8bd1\u3002 <\/p>\n\n<p>\u672a\u7ecf\u6388\u6743\u4f7f\u7528\u672c\u7f51\u7ad9\u6240\u542b\u4fe1\u606f\u4ee5\u53ca\u4efb\u4f55\u4fb5\u72af\u77e5\u8bc6\u4ea7\u6743\u6216\u5de5\u4e1a\u4ea7\u6743\u7684\u884c\u4e3a\u90fd\u5c06\u627f\u62c5\u6cd5\u5f8b\u8d23\u4efb\u3002 <\/p>\n\n<p><strong>10.- \u8d85\u7ea7\u94fe\u63a5<\/strong> <\/p>\n\n<p>\u4ece\u5916\u90e8\u7f51\u7ad9\u5efa\u7acb\u4efb\u4f55\u8d85\u94fe\u63a5\u5230\u516c\u53f8\u7f51\u7ad9\u7684\u4efb\u4f55\u9875\u9762\u5747\u5e94\u7b26\u5408\u4ee5\u4e0b\u6761\u4ef6\uff1a <\/p>\n\n<ul class=\"wp-block-list\">\n<li>\u4e0d\u5141\u8bb8\u5168\u90e8\u6216\u90e8\u5206\u590d\u5236\u516c\u53f8\u7f51\u7ad9\u4e0a\u7684\u4efb\u4f55\u670d\u52a1\u3002 <\/li>\n\n\n\n<li>\u4e0d\u5f97\u5bf9\u516c\u53f8\u7f51\u7ad9\u9875\u9762\u53ca\u5176\u670d\u52a1\u8fdb\u884c\u865a\u5047\u3001\u4e0d\u51c6\u786e\u6216\u4e0d\u6b63\u786e\u7684\u9648\u8ff0\u3002 <\/li>\n\n\n\n<li>\u5728\u4efb\u4f55\u60c5\u51b5\u4e0b\uff0c\u672c\u516c\u53f8\u5747\u4e0d\u5bf9\u5efa\u7acb\u672c\u7f51\u7ad9\u8d85\u94fe\u63a5\u7684\u7f51\u9875\u4e0a\u5411\u516c\u4f17\u63d0\u4f9b\u7684\u5185\u5bb9\u3001\u4fe1\u606f\u3001\u58f0\u660e\u3001\u610f\u89c1\u6216\u670d\u52a1\u8d1f\u8d23\u3002 <\/li>\n\n\n\n<li>\u4efb\u4f55\u8d85\u94fe\u63a5\u5747\u5e94\u6307\u5411\u7f51\u7ad9\u4e3b\u9875\u3002 <\/li>\n\n\n\n<li>\u672c\u7f51\u7ad9\u4e0a\u7684\u8d85\u94fe\u63a5\u5df2\u4e8b\u5148\u5f81\u5f97\u94fe\u63a5\u7f51\u7ad9\u6240\u6709\u8005\u7684\u540c\u610f\u3002\u5bf9\u4e8e\u7528\u6237\u5728\u8fd9\u4e9b\u94fe\u63a5\u7f51\u9875\u4e0a\u8fdb\u884c\u7684\u4efb\u4f55\u6ee5\u7528\u6216\u8fdd\u53cd\u6cd5\u5f8b\u3001\u9053\u5fb7\u6216\u516c\u5171\u79e9\u5e8f\u7684\u6d3b\u52a8\uff0c\u516c\u53f8\u6982\u4e0d\u8d1f\u8d23\u3002  <\/li>\n<\/ul>\n\n<p><strong>11.- \u4f7f\u7528\u6761\u4ef6\u7684\u6709\u6548\u6027<\/strong> <\/p>\n\n<p>\u672c\u7f51\u7ad9\u7684\u4f7f\u7528\u6761\u4ef6\u662f\u65e0\u9650\u671f\u7684\u3002\u516c\u53f8\u4fdd\u7559\u5355\u65b9\u9762\u4fee\u6539\u4f7f\u7528\u6761\u4ef6\u53ca\u5176\u5185\u5bb9\u7684\u6743\u5229\u3002  <\/p>\n\n<p><strong>12.- \u6761\u6b3e\u7684\u65e0\u6548\u548c\u5931\u6548<\/strong> <\/p>\n\n<p>\u5982\u679c\u8fd9\u4e9b\u6761\u4ef6\u4e2d\u7684\u4efb\u4f55\u6761\u6b3e\u88ab\u5ba3\u5e03\u5168\u90e8\u6216\u90e8\u5206\u65e0\u6548\u6216\u5931\u6548\uff0c\u8fd9\u79cd\u65e0\u6548\u6027\u4ec5\u5f71\u54cd\u8be5\u6761\u6b3e\u6216\u5176\u65e0\u6548\u6216\u5931\u6548\u7684\u90e8\u5206\uff0c\u6761\u4ef6\u5728\u5176\u4ed6\u65b9\u9762\u5e94\u4fdd\u6301\u5b8c\u5168\u7684\u6548\u529b\u548c\u4f5c\u7528\u3002 <\/p>\n\n<p><strong>13<\/strong><strong>.- \u9002\u7528\u6cd5\u5f8b\u548c\u53f8\u6cd5\u7ba1\u8f96\u6743<\/strong> <\/p>\n\n<p>\u672c\u7f51\u7ad9\u670d\u52a1\u7684\u63d0\u4f9b\u548c\u8fd9\u4e9b\u4f7f\u7528\u6761\u4ef6\u53d7\u897f\u73ed\u7259\u6cd5\u5f8b\u7ba1\u8f96\u3002 <\/p>\n\n<p>\u4efb\u4f55\u4e0e\u901a\u8fc7\u672c\u7f51\u7ad9\u63d0\u4f9b\u7684\u670d\u52a1\u76f8\u5173\u7684\u8bc9\u8bbc\u4e8b\u5b9c\uff0c\u5c06\u6839\u636e\u897f\u73ed\u7259\u6cd5\u5f8b\uff0c\u901a\u8fc7\u672c\u516c\u53f8\u5728\u4e89\u8bae\u53d1\u751f\u65f6\u52a0\u5165\u7684\u6d88\u8d39\u8005\u4ef2\u88c1\u3001\u8c03\u89e3\u6216\u7c7b\u4f3c\u6cd5\u5ead\uff0c\u4ee5\u53ca\u76f8\u5e94\u7684\u6cd5\u9662\u548c\u6cd5\u5ead\u89e3\u51b3\u3002 <\/p>\n","protected":false},"excerpt":{"rendered":"<p>1.- \u6cd5\u5f8b\u4fe1\u606f pesandpartners.com\uff08\u4ee5\u4e0b\u7b80\u79f0 \u201c\u7f51\u7ad9\u201d\uff09\u662f PRAXIS AUREA S. &hellip; <a href=\"https:\/\/tequierosano.com\/zh-hans\/%e4%bd%bf%e7%94%a8%e6%9d%a1%e6%ac%be\/\" class=\"more-link\">Continue reading <span class=\"screen-reader-text\">\u4f7f\u7528\u6761\u6b3e<\/span><\/a><\/p>\n","protected":false},"author":1,"featured_media":0,"parent":0,"menu_order":0,"comment_status":"closed","ping_status":"closed","template":"","meta":{"footnotes":""},"class_list":["post-9168","page","type-page","status-publish","hentry"],"_links":{"self":[{"href":"https:\/\/tequierosano.com\/zh-hans\/wp-json\/wp\/v2\/pages\/9168","targetHints":{"allow":["GET"]}}],"collection":[{"href":"https:\/\/tequierosano.com\/zh-hans\/wp-json\/wp\/v2\/pages"}],"about":[{"href":"https:\/\/tequierosano.com\/zh-hans\/wp-json\/wp\/v2\/types\/page"}],"author":[{"embeddable":true,"href":"https:\/\/tequierosano.com\/zh-hans\/wp-json\/wp\/v2\/users\/1"}],"replies":[{"embeddable":true,"href":"https:\/\/tequierosano.com\/zh-hans\/wp-json\/wp\/v2\/comments?post=9168"}],"version-history":[{"count":1,"href":"https:\/\/tequierosano.com\/zh-hans\/wp-json\/wp\/v2\/pages\/9168\/revisions"}],"predecessor-version":[{"id":9169,"href":"https:\/\/tequierosano.com\/zh-hans\/wp-json\/wp\/v2\/pages\/9168\/revisions\/9169"}],"wp:attachment":[{"href":"https:\/\/tequierosano.com\/zh-hans\/wp-json\/wp\/v2\/media?parent=9168"}],"curies":[{"name":"wp","href":"https:\/\/api.w.org\/{rel}","templated":true}]}}